{"id":33,"date":"2025-05-28T16:02:35","date_gmt":"2025-05-28T19:02:35","guid":{"rendered":"https:\/\/casaamarelaimoveis.com.br\/?page_id=33"},"modified":"2025-06-11T14:27:47","modified_gmt":"2025-06-11T17:27:47","slug":"paginas-a-venda","status":"publish","type":"page","link":"https:\/\/casaamarelaimoveis.com.br\/index.php\/paginas-a-venda\/","title":{"rendered":"Lotes a venda"},"content":{"rendered":"\t\t<div data-elementor-type=\"wp-page\" data-elementor-id=\"33\" class=\"elementor elementor-33\" data-elementor-post-type=\"page\">\n\t\t\t\t<div class=\"elementor-element elementor-element-60afff15 e-con-full e-flex e-con e-parent\" data-id=\"60afff15\" data-element_type=\"container\" data-settings=\"{&quot;background_background&quot;:&quot;classic&quot;}\">\n\t\t<div class=\"elementor-element elementor-element-2b839d94 e-con-full e-flex e-con e-child\" data-id=\"2b839d94\" data-element_type=\"container\">\n\t\t\t\t<div class=\"elementor-element elementor-element-2523ff79 elementor-widget elementor-widget-heading\" data-id=\"2523ff79\" data-element_type=\"widget\" data-widget_type=\"heading.default\">\n\t\t\t\t<div class=\"elementor-widget-container\">\n\t\t\t\t\t<h1 class=\"elementor-heading-title elementor-size-default\">Residencial Reserva dos Lagos<\/h1>\t\t\t\t<\/div>\n\t\t\t\t<\/div>\n\t\t\t\t<div class=\"elementor-element elementor-element-4e9c0e4c elementor-widget elementor-widget-text-editor\" data-id=\"4e9c0e4c\" data-element_type=\"widget\" data-widget_type=\"text-editor.default\">\n\t\t\t\t<div class=\"elementor-widget-container\">\n\t\t\t\t\t\t\t\t\t<p>Com lotes a partir de 1.000 metros quadrados, voc\u00ea ter\u00e1 a oportunidade de viver em contato direto com a natureza, desfrutando do ar puro e da tranquilidade que s\u00f3 um ambiente natural pode oferecer.\u00a0<\/p><p><strong>-&gt; \u00c1rea de lazer: <\/strong>(Piscina, Sauna, Cozinha, Mercadinho)<br \/><strong>-&gt; Seguran\u00e7a 24:<\/strong> Horas com Ronda motorizada.<br \/><strong>-&gt; 3 Lagoas:<\/strong> (voc\u00ea pode em 1 praticar esporte com barcos n\u00e3o motorizados, nadar e pescar)<br \/><strong>-&gt; Portaria 24 horas<\/strong><\/p><p>Tudo isso foi pensado para garantir uma qualidade de vida superior, combinando conforto, seguran\u00e7a, divers\u00e3o e contato com a natureza em um ambiente acolhedor e bem estruturado.<\/p>\t\t\t\t\t\t\t\t<\/div>\n\t\t\t\t<\/div>\n\t\t\t\t<div class=\"elementor-element elementor-element-77322cd2 elementor-mobile-align-center elementor-widget elementor-widget-button\" data-id=\"77322cd2\" data-element_type=\"widget\" data-widget_type=\"button.default\">\n\t\t\t\t<div class=\"elementor-widget-container\">\n\t\t\t\t\t\t\t\t\t<div class=\"elementor-button-wrapper\">\n\t\t\t\t\t<a class=\"elementor-button elementor-button-link elementor-size-sm\" href=\"#elementor-action%3Aaction%3Dpopup%3Aopen%26settings%3DeyJpZCI6IjIxNSIsInRvZ2dsZSI6ZmFsc2V9\">\n\t\t\t\t\t\t<span class=\"elementor-button-content-wrapper\">\n\t\t\t\t\t\t<span class=\"elementor-button-icon\">\n\t\t\t\t<svg aria-hidden=\"true\" class=\"e-font-icon-svg e-fab-whatsapp\" viewBox=\"0 0 448 512\" xmlns=\"http:\/\/www.w3.org\/2000\/svg\"><path d=\"M380.9 97.1C339 55.1 283.2 32 223.9 32c-122.4 0-222 99.6-222 222 0 39.1 10.2 77.3 29.6 111L0 480l117.7-30.9c32.4 17.7 68.9 27 106.1 27h.1c122.3 0 224.1-99.6 224.1-222 0-59.3-25.2-115-67.1-157zm-157 341.6c-33.2 0-65.7-8.9-94-25.7l-6.7-4-69.8 18.3L72 359.2l-4.4-7c-18.5-29.4-28.2-63.3-28.2-98.2 0-101.7 82.8-184.5 184.6-184.5 49.3 0 95.6 19.2 130.4 54.1 34.8 34.9 56.2 81.2 56.1 130.5 0 101.8-84.9 184.6-186.6 184.6zm101.2-138.2c-5.5-2.8-32.8-16.2-37.9-18-5.1-1.9-8.8-2.8-12.5 2.8-3.7 5.6-14.3 18-17.6 21.8-3.2 3.7-6.5 4.2-12 1.4-32.6-16.3-54-29.1-75.5-66-5.7-9.8 5.7-9.1 16.3-30.3 1.8-3.7.9-6.9-.5-9.7-1.4-2.8-12.5-30.1-17.1-41.2-4.5-10.8-9.1-9.3-12.5-9.5-3.2-.2-6.9-.2-10.6-.2-3.7 0-9.7 1.4-14.8 6.9-5.1 5.6-19.4 19-19.4 46.3 0 27.3 19.9 53.7 22.6 57.4 2.8 3.7 39.1 59.7 94.8 83.8 35.2 15.2 49 16.5 66.6 13.9 10.7-1.6 32.8-13.4 37.4-26.4 4.6-13 4.6-24.1 3.2-26.4-1.3-2.5-5-3.9-10.5-6.6z\"><\/path><\/svg>\t\t\t<\/span>\n\t\t\t\t\t\t\t\t\t<span class=\"elementor-button-text\">Falar com consultor no WhatsApp<\/span>\n\t\t\t\t\t<\/span>\n\t\t\t\t\t<\/a>\n\t\t\t\t<\/div>\n\t\t\t\t\t\t\t\t<\/div>\n\t\t\t\t<\/div>\n\t\t\t\t<\/div>\n\t\t<div class=\"elementor-element elementor-element-78f5c161 e-con-full e-flex e-con e-child\" data-id=\"78f5c161\" data-element_type=\"container\">\n\t\t\t\t<div class=\"elementor-element elementor-element-596528b0 elementor-widget elementor-widget-image\" data-id=\"596528b0\" data-element_type=\"widget\" data-widget_type=\"image.default\">\n\t\t\t\t<div class=\"elementor-widget-container\">\n\t\t\t\t\t\t\t\t\t\t\t\t\t\t\t<img fetchpriority=\"high\" decoding=\"async\" width=\"800\" height=\"450\" src=\"http:\/\/casaamarelaimoveis.com.br\/wp-content\/uploads\/2025\/05\/Reserva-dos-Lagos_4-1024x576.png\" class=\"attachment-large size-large wp-image-60\" alt=\"\" srcset=\"http:\/\/casaamarelaimoveis.com.br\/wp-content\/uploads\/2025\/05\/Reserva-dos-Lagos_4-1024x576.png 1024w, http:\/\/casaamarelaimoveis.com.br\/wp-content\/uploads\/2025\/05\/Reserva-dos-Lagos_4-300x169.png 300w, http:\/\/casaamarelaimoveis.com.br\/wp-content\/uploads\/2025\/05\/Reserva-dos-Lagos_4-768x432.png 768w, http:\/\/casaamarelaimoveis.com.br\/wp-content\/uploads\/2025\/05\/Reserva-dos-Lagos_4-1536x864.png 1536w, http:\/\/casaamarelaimoveis.com.br\/wp-content\/uploads\/2025\/05\/Reserva-dos-Lagos_4-2048x1152.png 2048w\" sizes=\"(max-width: 800px) 100vw, 800px\" \/>\t\t\t\t\t\t\t\t\t\t\t\t\t\t\t<\/div>\n\t\t\t\t<\/div>\n\t\t\t\t<\/div>\n\t\t\t\t<\/div>\n\t\t<div class=\"elementor-element elementor-element-4f6ba0bb e-flex e-con-boxed e-con e-parent\" data-id=\"4f6ba0bb\" data-element_type=\"container\">\n\t\t\t\t\t<div class=\"e-con-inner\">\n\t\t<div class=\"elementor-element elementor-element-dea363d e-con-full e-flex e-con e-child\" data-id=\"dea363d\" data-element_type=\"container\">\n\t\t<div class=\"elementor-element elementor-element-7356c230 e-con-full e-flex e-con e-child\" data-id=\"7356c230\" data-element_type=\"container\">\n\t\t\t\t<div class=\"elementor-element elementor-element-2fe8d107 elementor-widget elementor-widget-image\" data-id=\"2fe8d107\" data-element_type=\"widget\" data-widget_type=\"image.default\">\n\t\t\t\t<div class=\"elementor-widget-container\">\n\t\t\t\t\t\t\t\t\t\t\t\t\t\t\t<img decoding=\"async\" width=\"800\" height=\"510\" src=\"http:\/\/casaamarelaimoveis.com.br\/wp-content\/uploads\/2025\/05\/RESERVA_DOS_LAGOS_POR_DO_SOL_03-scaled.jpg\" class=\"attachment-large size-large wp-image-63\" alt=\"\" srcset=\"http:\/\/casaamarelaimoveis.com.br\/wp-content\/uploads\/2025\/05\/RESERVA_DOS_LAGOS_POR_DO_SOL_03-scaled.jpg 2560w, http:\/\/casaamarelaimoveis.com.br\/wp-content\/uploads\/2025\/05\/RESERVA_DOS_LAGOS_POR_DO_SOL_03-300x191.jpg 300w\" sizes=\"(max-width: 800px) 100vw, 800px\" \/>\t\t\t\t\t\t\t\t\t\t\t\t\t\t\t<\/div>\n\t\t\t\t<\/div>\n\t\t\t\t<div class=\"elementor-element elementor-element-4cb9e29e elementor-widget elementor-widget-image\" data-id=\"4cb9e29e\" data-element_type=\"widget\" data-widget_type=\"image.default\">\n\t\t\t\t<div class=\"elementor-widget-container\">\n\t\t\t\t\t\t\t\t\t\t\t\t\t\t\t<img decoding=\"async\" width=\"800\" height=\"534\" src=\"http:\/\/casaamarelaimoveis.com.br\/wp-content\/uploads\/2025\/05\/Reserva-dos-Lagos_59-1024x684.png\" class=\"attachment-large size-large wp-image-61\" alt=\"\" srcset=\"http:\/\/casaamarelaimoveis.com.br\/wp-content\/uploads\/2025\/05\/Reserva-dos-Lagos_59-1024x684.png 1024w, http:\/\/casaamarelaimoveis.com.br\/wp-content\/uploads\/2025\/05\/Reserva-dos-Lagos_59-300x200.png 300w, http:\/\/casaamarelaimoveis.com.br\/wp-content\/uploads\/2025\/05\/Reserva-dos-Lagos_59-768x513.png 768w, http:\/\/casaamarelaimoveis.com.br\/wp-content\/uploads\/2025\/05\/Reserva-dos-Lagos_59-1536x1026.png 1536w, http:\/\/casaamarelaimoveis.com.br\/wp-content\/uploads\/2025\/05\/Reserva-dos-Lagos_59-2048x1368.png 2048w\" sizes=\"(max-width: 800px) 100vw, 800px\" \/>\t\t\t\t\t\t\t\t\t\t\t\t\t\t\t<\/div>\n\t\t\t\t<\/div>\n\t\t\t\t<\/div>\n\t\t<div class=\"elementor-element elementor-element-24c56924 e-con-full e-flex e-con e-child\" data-id=\"24c56924\" data-element_type=\"container\">\n\t\t\t\t<div class=\"elementor-element elementor-element-750f62da elementor-widget elementor-widget-image\" data-id=\"750f62da\" data-element_type=\"widget\" data-widget_type=\"image.default\">\n\t\t\t\t<div class=\"elementor-widget-container\">\n\t\t\t\t\t\t\t\t\t\t\t\t\t\t\t<img fetchpriority=\"high\" decoding=\"async\" width=\"800\" height=\"450\" src=\"http:\/\/casaamarelaimoveis.com.br\/wp-content\/uploads\/2025\/05\/Reserva-dos-Lagos_4-1024x576.png\" class=\"attachment-large size-large wp-image-60\" alt=\"\" srcset=\"http:\/\/casaamarelaimoveis.com.br\/wp-content\/uploads\/2025\/05\/Reserva-dos-Lagos_4-1024x576.png 1024w, http:\/\/casaamarelaimoveis.com.br\/wp-content\/uploads\/2025\/05\/Reserva-dos-Lagos_4-300x169.png 300w, http:\/\/casaamarelaimoveis.com.br\/wp-content\/uploads\/2025\/05\/Reserva-dos-Lagos_4-768x432.png 768w, http:\/\/casaamarelaimoveis.com.br\/wp-content\/uploads\/2025\/05\/Reserva-dos-Lagos_4-1536x864.png 1536w, http:\/\/casaamarelaimoveis.com.br\/wp-content\/uploads\/2025\/05\/Reserva-dos-Lagos_4-2048x1152.png 2048w\" sizes=\"(max-width: 800px) 100vw, 800px\" \/>\t\t\t\t\t\t\t\t\t\t\t\t\t\t\t<\/div>\n\t\t\t\t<\/div>\n\t\t\t\t<div class=\"elementor-element elementor-element-22d2865c elementor-widget elementor-widget-image\" data-id=\"22d2865c\" data-element_type=\"widget\" data-widget_type=\"image.default\">\n\t\t\t\t<div class=\"elementor-widget-container\">\n\t\t\t\t\t\t\t\t\t\t\t\t\t\t\t<img loading=\"lazy\" decoding=\"async\" width=\"800\" height=\"450\" src=\"http:\/\/casaamarelaimoveis.com.br\/wp-content\/uploads\/2025\/05\/Reserva-dos-Lagos-1024x576.png\" class=\"attachment-large size-large wp-image-62\" alt=\"\" srcset=\"http:\/\/casaamarelaimoveis.com.br\/wp-content\/uploads\/2025\/05\/Reserva-dos-Lagos-1024x576.png 1024w, http:\/\/casaamarelaimoveis.com.br\/wp-content\/uploads\/2025\/05\/Reserva-dos-Lagos-300x169.png 300w, http:\/\/casaamarelaimoveis.com.br\/wp-content\/uploads\/2025\/05\/Reserva-dos-Lagos-768x432.png 768w, http:\/\/casaamarelaimoveis.com.br\/wp-content\/uploads\/2025\/05\/Reserva-dos-Lagos-1536x864.png 1536w, http:\/\/casaamarelaimoveis.com.br\/wp-content\/uploads\/2025\/05\/Reserva-dos-Lagos-2048x1152.png 2048w\" sizes=\"(max-width: 800px) 100vw, 800px\" \/>\t\t\t\t\t\t\t\t\t\t\t\t\t\t\t<\/div>\n\t\t\t\t<\/div>\n\t\t\t\t<\/div>\n\t\t\t\t<\/div>\n\t\t<div class=\"elementor-element elementor-element-37fbc594 e-con-full e-flex e-con e-child\" data-id=\"37fbc594\" data-element_type=\"container\">\n\t\t\t\t<div class=\"elementor-element elementor-element-517b0533 elementor-widget elementor-widget-heading\" data-id=\"517b0533\" data-element_type=\"widget\" data-widget_type=\"heading.default\">\n\t\t\t\t<div class=\"elementor-widget-container\">\n\t\t\t\t\t<h3 class=\"elementor-heading-title elementor-size-default\">O Planejamento do condom\u00ednio pensando em voc\u00ea!<\/h3>\t\t\t\t<\/div>\n\t\t\t\t<\/div>\n\t\t\t\t<div class=\"elementor-element elementor-element-710c4451 elementor-widget elementor-widget-text-editor\" data-id=\"710c4451\" data-element_type=\"widget\" data-widget_type=\"text-editor.default\">\n\t\t\t\t<div class=\"elementor-widget-container\">\n\t\t\t\t\t\t\t\t\t<p>O condom\u00ednio foi planejado para oferecer uma infraestrutura completa de lazer e conveni\u00eancia. Voc\u00ea poder\u00e1 desfrutar de uma \u00e1rea de lazer com piscina, sauna, academia equipada, al\u00e9m de uma cozinha comunit\u00e1ria para eventos e encontros. Para facilitar ainda mais o dia a dia, h\u00e1 um mercadinho dentro do condom\u00ednio, proporcionando comodidade para fazer compras sem precisar sair do empreendimento.<\/p>\t\t\t\t\t\t\t\t<\/div>\n\t\t\t\t<\/div>\n\t\t\t\t<div class=\"elementor-element elementor-element-3d2df217 elementor-mobile-align-center elementor-widget elementor-widget-button\" data-id=\"3d2df217\" data-element_type=\"widget\" data-widget_type=\"button.default\">\n\t\t\t\t<div class=\"elementor-widget-container\">\n\t\t\t\t\t\t\t\t\t<div class=\"elementor-button-wrapper\">\n\t\t\t\t\t<a class=\"elementor-button elementor-button-link elementor-size-sm\" href=\"#elementor-action%3Aaction%3Dpopup%3Aopen%26settings%3DeyJpZCI6IjIxNSIsInRvZ2dsZSI6ZmFsc2V9\">\n\t\t\t\t\t\t<span class=\"elementor-button-content-wrapper\">\n\t\t\t\t\t\t<span class=\"elementor-button-icon\">\n\t\t\t\t<svg aria-hidden=\"true\" class=\"e-font-icon-svg e-fab-whatsapp\" viewBox=\"0 0 448 512\" xmlns=\"http:\/\/www.w3.org\/2000\/svg\"><path d=\"M380.9 97.1C339 55.1 283.2 32 223.9 32c-122.4 0-222 99.6-222 222 0 39.1 10.2 77.3 29.6 111L0 480l117.7-30.9c32.4 17.7 68.9 27 106.1 27h.1c122.3 0 224.1-99.6 224.1-222 0-59.3-25.2-115-67.1-157zm-157 341.6c-33.2 0-65.7-8.9-94-25.7l-6.7-4-69.8 18.3L72 359.2l-4.4-7c-18.5-29.4-28.2-63.3-28.2-98.2 0-101.7 82.8-184.5 184.6-184.5 49.3 0 95.6 19.2 130.4 54.1 34.8 34.9 56.2 81.2 56.1 130.5 0 101.8-84.9 184.6-186.6 184.6zm101.2-138.2c-5.5-2.8-32.8-16.2-37.9-18-5.1-1.9-8.8-2.8-12.5 2.8-3.7 5.6-14.3 18-17.6 21.8-3.2 3.7-6.5 4.2-12 1.4-32.6-16.3-54-29.1-75.5-66-5.7-9.8 5.7-9.1 16.3-30.3 1.8-3.7.9-6.9-.5-9.7-1.4-2.8-12.5-30.1-17.1-41.2-4.5-10.8-9.1-9.3-12.5-9.5-3.2-.2-6.9-.2-10.6-.2-3.7 0-9.7 1.4-14.8 6.9-5.1 5.6-19.4 19-19.4 46.3 0 27.3 19.9 53.7 22.6 57.4 2.8 3.7 39.1 59.7 94.8 83.8 35.2 15.2 49 16.5 66.6 13.9 10.7-1.6 32.8-13.4 37.4-26.4 4.6-13 4.6-24.1 3.2-26.4-1.3-2.5-5-3.9-10.5-6.6z\"><\/path><\/svg>\t\t\t<\/span>\n\t\t\t\t\t\t\t\t\t<span class=\"elementor-button-text\">Falar com consultor no WhatsApp<\/span>\n\t\t\t\t\t<\/span>\n\t\t\t\t\t<\/a>\n\t\t\t\t<\/div>\n\t\t\t\t\t\t\t\t<\/div>\n\t\t\t\t<\/div>\n\t\t\t\t<\/div>\n\t\t\t\t\t<\/div>\n\t\t\t\t<\/div>\n\t\t<div class=\"elementor-element elementor-element-a2c9c6f e-flex e-con-boxed e-con e-parent\" data-id=\"a2c9c6f\" data-element_type=\"container\">\n\t\t\t\t\t<div class=\"e-con-inner\">\n\t\t<div class=\"elementor-element elementor-element-0c48554 e-con-full e-flex e-con e-child\" data-id=\"0c48554\" data-element_type=\"container\">\n\t\t\t\t<div class=\"elementor-element elementor-element-6fc5727 elementor-widget elementor-widget-heading\" data-id=\"6fc5727\" data-element_type=\"widget\" data-widget_type=\"heading.default\">\n\t\t\t\t<div class=\"elementor-widget-container\">\n\t\t\t\t\t<h2 class=\"elementor-heading-title elementor-size-default\">\u00c1rea de lazer e conforto para voc\u00ea!<\/h2>\t\t\t\t<\/div>\n\t\t\t\t<\/div>\n\t\t\t\t<div class=\"elementor-element elementor-element-88df416 elementor-widget elementor-widget-text-editor\" data-id=\"88df416\" data-element_type=\"widget\" data-widget_type=\"text-editor.default\">\n\t\t\t\t<div class=\"elementor-widget-container\">\n\t\t\t\t\t\t\t\t\t<p>Nosso condom\u00ednio oferece uma convidativa \u00e1rea de lazer com uma piscina moderna e bem cuidada, feita especialmente para proporcionar momentos de descanso e divers\u00e3o para toda a fam\u00edlia. Seja para um mergulho revigorante ap\u00f3s o trabalho, uma tarde de lazer com as crian\u00e7as ou encontros com amigos, nossa piscina foi projetada para atender a todas as suas necessidades.<\/p><p>Com espa\u00e7o amplo, piscina de excelente qualidade e ambiente seguro, voc\u00ea pode relaxar sabendo que sua fam\u00edlia est\u00e1 protegida. Al\u00e9m disso, o espa\u00e7o ao redor da piscina conta com Lounge confort\u00e1vel, espregui\u00e7adeiras e \u00e1reas sombreadas, perfeitas para aproveitar o dia ao ar livre, receber visitas ou simplesmente curtir uma atmosfera de tranquilidade.<\/p><p>A piscina do condom\u00ednio \u00e9 mais do que uma estrutura de lazer: \u00e9 um convite a aproveitar a vida ao m\u00e1ximo, promover a sa\u00fade, o bem-estar e fortalecer os v\u00ednculos familiares em um ambiente seguro e acolhedor. Venha vivenciar momentos inesquec\u00edveis na nossa piscina e transformar cada dia em uma experi\u00eancia de lazer e relaxamento.<\/p>\t\t\t\t\t\t\t\t<\/div>\n\t\t\t\t<\/div>\n\t\t\t\t<div class=\"elementor-element elementor-element-586cee3 elementor-mobile-align-center elementor-widget elementor-widget-button\" data-id=\"586cee3\" data-element_type=\"widget\" data-widget_type=\"button.default\">\n\t\t\t\t<div class=\"elementor-widget-container\">\n\t\t\t\t\t\t\t\t\t<div class=\"elementor-button-wrapper\">\n\t\t\t\t\t<a class=\"elementor-button elementor-button-link elementor-size-sm\" href=\"#elementor-action%3Aaction%3Dpopup%3Aopen%26settings%3DeyJpZCI6IjIxNSIsInRvZ2dsZSI6ZmFsc2V9\">\n\t\t\t\t\t\t<span class=\"elementor-button-content-wrapper\">\n\t\t\t\t\t\t<span class=\"elementor-button-icon\">\n\t\t\t\t<svg aria-hidden=\"true\" class=\"e-font-icon-svg e-fab-whatsapp\" viewBox=\"0 0 448 512\" xmlns=\"http:\/\/www.w3.org\/2000\/svg\"><path d=\"M380.9 97.1C339 55.1 283.2 32 223.9 32c-122.4 0-222 99.6-222 222 0 39.1 10.2 77.3 29.6 111L0 480l117.7-30.9c32.4 17.7 68.9 27 106.1 27h.1c122.3 0 224.1-99.6 224.1-222 0-59.3-25.2-115-67.1-157zm-157 341.6c-33.2 0-65.7-8.9-94-25.7l-6.7-4-69.8 18.3L72 359.2l-4.4-7c-18.5-29.4-28.2-63.3-28.2-98.2 0-101.7 82.8-184.5 184.6-184.5 49.3 0 95.6 19.2 130.4 54.1 34.8 34.9 56.2 81.2 56.1 130.5 0 101.8-84.9 184.6-186.6 184.6zm101.2-138.2c-5.5-2.8-32.8-16.2-37.9-18-5.1-1.9-8.8-2.8-12.5 2.8-3.7 5.6-14.3 18-17.6 21.8-3.2 3.7-6.5 4.2-12 1.4-32.6-16.3-54-29.1-75.5-66-5.7-9.8 5.7-9.1 16.3-30.3 1.8-3.7.9-6.9-.5-9.7-1.4-2.8-12.5-30.1-17.1-41.2-4.5-10.8-9.1-9.3-12.5-9.5-3.2-.2-6.9-.2-10.6-.2-3.7 0-9.7 1.4-14.8 6.9-5.1 5.6-19.4 19-19.4 46.3 0 27.3 19.9 53.7 22.6 57.4 2.8 3.7 39.1 59.7 94.8 83.8 35.2 15.2 49 16.5 66.6 13.9 10.7-1.6 32.8-13.4 37.4-26.4 4.6-13 4.6-24.1 3.2-26.4-1.3-2.5-5-3.9-10.5-6.6z\"><\/path><\/svg>\t\t\t<\/span>\n\t\t\t\t\t\t\t\t\t<span class=\"elementor-button-text\">Falar com consultor no WhatsApp<\/span>\n\t\t\t\t\t<\/span>\n\t\t\t\t\t<\/a>\n\t\t\t\t<\/div>\n\t\t\t\t\t\t\t\t<\/div>\n\t\t\t\t<\/div>\n\t\t\t\t<\/div>\n\t\t<div class=\"elementor-element elementor-element-ee43eeb e-con-full e-flex e-con e-child\" data-id=\"ee43eeb\" data-element_type=\"container\">\n\t\t\t\t<div class=\"elementor-element elementor-element-3f73f6a elementor-widget elementor-widget-image\" data-id=\"3f73f6a\" data-element_type=\"widget\" data-widget_type=\"image.default\">\n\t\t\t\t<div class=\"elementor-widget-container\">\n\t\t\t\t\t\t\t\t\t\t\t\t\t\t\t<img loading=\"lazy\" decoding=\"async\" width=\"768\" height=\"1024\" src=\"http:\/\/casaamarelaimoveis.com.br\/wp-content\/uploads\/2025\/05\/a6e07246-5c17-4701-a956-29162f299bbd-768x1024.jpg\" class=\"attachment-large size-large wp-image-142\" alt=\"\" srcset=\"http:\/\/casaamarelaimoveis.com.br\/wp-content\/uploads\/2025\/05\/a6e07246-5c17-4701-a956-29162f299bbd-768x1024.jpg 768w, http:\/\/casaamarelaimoveis.com.br\/wp-content\/uploads\/2025\/05\/a6e07246-5c17-4701-a956-29162f299bbd-225x300.jpg 225w, http:\/\/casaamarelaimoveis.com.br\/wp-content\/uploads\/2025\/05\/a6e07246-5c17-4701-a956-29162f299bbd-1152x1536.jpg 1152w, http:\/\/casaamarelaimoveis.com.br\/wp-content\/uploads\/2025\/05\/a6e07246-5c17-4701-a956-29162f299bbd.jpg 1200w\" sizes=\"(max-width: 768px) 100vw, 768px\" \/>\t\t\t\t\t\t\t\t\t\t\t\t\t\t\t<\/div>\n\t\t\t\t<\/div>\n\t\t\t\t<\/div>\n\t\t\t\t\t<\/div>\n\t\t\t\t<\/div>\n\t\t<div class=\"elementor-element elementor-element-27d7a70a e-con-full e-flex e-con e-parent\" data-id=\"27d7a70a\" data-element_type=\"container\">\n\t\t\t\t<div class=\"elementor-element elementor-element-7730477 elementor-widget elementor-widget-heading\" data-id=\"7730477\" data-element_type=\"widget\" data-widget_type=\"heading.default\">\n\t\t\t\t<div class=\"elementor-widget-container\">\n\t\t\t\t\t<h3 class=\"elementor-heading-title elementor-size-default\">Moradores que compraram o seu espa\u00e7o com a gente!<\/h3>\t\t\t\t<\/div>\n\t\t\t\t<\/div>\n\t\t<div class=\"elementor-element elementor-element-ca74bc5 e-con-full e-flex e-con e-child\" data-id=\"ca74bc5\" data-element_type=\"container\">\n\t\t<div class=\"elementor-element elementor-element-215cff17 e-con-full e-flex e-con e-child\" data-id=\"215cff17\" data-element_type=\"container\">\n\t\t\t\t<div class=\"elementor-element elementor-element-ead087e elementor-widget elementor-widget-testimonial\" data-id=\"ead087e\" data-element_type=\"widget\" data-widget_type=\"testimonial.default\">\n\t\t\t\t<div class=\"elementor-widget-container\">\n\t\t\t\t\t\t\t<div class=\"elementor-testimonial-wrapper\">\n\t\t\t\t\t\t\t<div class=\"elementor-testimonial-content\">O Condom\u00ednio \u00e9 incr\u00edvel, \u00e9 muito bom saber que consegui investir no meu futuro, morar em um lugar calmo, tranquilo e em volta a natureza n\u00e3o tem pre\u00e7o.<\/div>\n\t\t\t\n\t\t\t\t\t\t<div class=\"elementor-testimonial-meta elementor-has-image elementor-testimonial-image-position-aside\">\n\t\t\t\t<div class=\"elementor-testimonial-meta-inner\">\n\t\t\t\t\t\t\t\t\t\t\t<div class=\"elementor-testimonial-image\">\n\t\t\t\t\t\t\t<img loading=\"lazy\" decoding=\"async\" width=\"925\" height=\"894\" src=\"http:\/\/casaamarelaimoveis.com.br\/wp-content\/uploads\/2025\/05\/IMG_1647.jpg\" class=\"attachment-full size-full wp-image-143\" alt=\"\" srcset=\"https:\/\/casaamarelaimoveis.com.br\/wp-content\/uploads\/2025\/05\/IMG_1647.jpg 925w, https:\/\/casaamarelaimoveis.com.br\/wp-content\/uploads\/2025\/05\/IMG_1647-300x290.jpg 300w, https:\/\/casaamarelaimoveis.com.br\/wp-content\/uploads\/2025\/05\/IMG_1647-768x742.jpg 768w\" sizes=\"(max-width: 925px) 100vw, 925px\" \/>\t\t\t\t\t\t<\/div>\n\t\t\t\t\t\n\t\t\t\t\t\t\t\t\t\t<div class=\"elementor-testimonial-details\">\n\t\t\t\t\t\t\t\t\t\t\t\t\t\t<div class=\"elementor-testimonial-name\">Gabriel Fernando - Morador da quadra 20 lote 23<\/div>\n\t\t\t\t\t\t\t\t\t\t\t\t\t\t\t\t\t\t\t<\/div>\n\t\t\t\t\t\t\t\t\t<\/div>\n\t\t\t<\/div>\n\t\t\t\t\t<\/div>\n\t\t\t\t\t\t<\/div>\n\t\t\t\t<\/div>\n\t\t\t\t<\/div>\n\t\t\t\t<\/div>\n\t\t\t\t<\/div>\n\t\t<div class=\"elementor-element elementor-element-917c2a4 e-flex e-con-boxed e-con e-parent\" data-id=\"917c2a4\" data-element_type=\"container\" data-settings=\"{&quot;background_background&quot;:&quot;slideshow&quot;,&quot;background_slideshow_gallery&quot;:[{&quot;id&quot;:141,&quot;url&quot;:&quot;http:\\\/\\\/casaamarelaimoveis.com.br\\\/wp-content\\\/uploads\\\/2025\\\/05\\\/IMG_1615-scaled.jpg&quot;}],&quot;background_slideshow_loop&quot;:&quot;yes&quot;,&quot;background_slideshow_slide_duration&quot;:5000,&quot;background_slideshow_slide_transition&quot;:&quot;fade&quot;,&quot;background_slideshow_transition_duration&quot;:500}\">\n\t\t\t\t\t<div class=\"e-con-inner\">\n\t\t\t\t\t<\/div>\n\t\t\t\t<\/div>\n\t\t<div class=\"elementor-element elementor-element-26b89ee1 e-con-full e-flex e-con e-parent\" data-id=\"26b89ee1\" data-element_type=\"container\" data-settings=\"{&quot;background_background&quot;:&quot;classic&quot;}\">\n\t\t\t\t<div class=\"elementor-element elementor-element-274aedc7 elementor-widget elementor-widget-heading\" data-id=\"274aedc7\" data-element_type=\"widget\" data-widget_type=\"heading.default\">\n\t\t\t\t<div class=\"elementor-widget-container\">\n\t\t\t\t\t<p class=\"elementor-heading-title elementor-size-default\">\u00a9 2026 All Rights Reserved.<\/p>\t\t\t\t<\/div>\n\t\t\t\t<\/div>\n\t\t\t\t<\/div>\n\t\t\t\t<\/div>\n\t\t","protected":false},"excerpt":{"rendered":"<p>Residencial Reserva dos Lagos Com lotes a partir de 1.000 metros quadrados, voc\u00ea ter\u00e1 a oportunidade de viver em contato direto com a natureza, desfrutando do ar puro e da tranquilidade que s\u00f3 um ambiente natural pode oferecer.\u00a0 -&gt; \u00c1rea de lazer: (Piscina, Sauna, Cozinha, Mercadinho)-&gt; Seguran\u00e7a 24: Horas com Ronda motorizada.-&gt; 3 Lagoas: (voc\u00ea [&hellip;]<\/p>\n","protected":false},"author":2,"featured_media":0,"parent":0,"menu_order":0,"comment_status":"closed","ping_status":"closed","template":"elementor_header_footer","meta":{"_joinchat":[],"footnotes":""},"class_list":["post-33","page","type-page","status-publish","hentry"],"_links":{"self":[{"href":"https:\/\/casaamarelaimoveis.com.br\/index.php\/wp-json\/wp\/v2\/pages\/33","targetHints":{"allow":["GET"]}}],"collection":[{"href":"https:\/\/casaamarelaimoveis.com.br\/index.php\/wp-json\/wp\/v2\/pages"}],"about":[{"href":"https:\/\/casaamarelaimoveis.com.br\/index.php\/wp-json\/wp\/v2\/types\/page"}],"author":[{"embeddable":true,"href":"https:\/\/casaamarelaimoveis.com.br\/index.php\/wp-json\/wp\/v2\/users\/2"}],"replies":[{"embeddable":true,"href":"https:\/\/casaamarelaimoveis.com.br\/index.php\/wp-json\/wp\/v2\/comments?post=33"}],"version-history":[{"count":47,"href":"https:\/\/casaamarelaimoveis.com.br\/index.php\/wp-json\/wp\/v2\/pages\/33\/revisions"}],"predecessor-version":[{"id":326,"href":"https:\/\/casaamarelaimoveis.com.br\/index.php\/wp-json\/wp\/v2\/pages\/33\/revisions\/326"}],"wp:attachment":[{"href":"https:\/\/casaamarelaimoveis.com.br\/index.php\/wp-json\/wp\/v2\/media?parent=33"}],"curies":[{"name":"wp","href":"https:\/\/api.w.org\/{rel}","templated":true}]}}